{"id":921,"date":"2025-03-29T01:34:24","date_gmt":"2025-03-29T00:34:24","guid":{"rendered":"https:\/\/www.wokthai.tn\/?post_type=product&#038;p=921"},"modified":"2025-04-07T14:36:40","modified_gmt":"2025-04-07T12:36:40","slug":"laksa-lemak-boeuf-2","status":"publish","type":"product","link":"https:\/\/www.wokthai.tn\/?product=laksa-lemak-boeuf-2&lang=fr","title":{"rendered":"Laksa lemak Boeuf"},"content":{"rendered":"<p>Nouilles fra\u00eeches servies dans une sauce \u00e9pic\u00e9e au lait de coco, oignons frits asiatiques et au curry, accompagn\u00e9es d\u2019un \u0153uf onctueux et de l\u00e9gumes frais croquants.<\/p>\n","protected":false},"excerpt":{"rendered":"<p>Nouilles fra\u00eeches servies dans une sauce \u00e9pic\u00e9e au lait de coco, oignons frits asiatiques et au curry, accompagn\u00e9es d\u2019un \u0153uf onctueux et de l\u00e9gumes frais croquants.<\/p>\n","protected":false},"featured_media":919,"template":"","meta":[],"product_brand":[],"product_cat":[37],"product_tag":[],"class_list":{"0":"post-921","1":"product","2":"type-product","3":"status-publish","4":"has-post-thumbnail","6":"product_cat-b-noo","8":"first","9":"instock","10":"featured","11":"shipping-taxable","12":"product-type-variable"},"jetpack_sharing_enabled":true,"_links":{"self":[{"href":"https:\/\/www.wokthai.tn\/index.php?rest_route=\/wp\/v2\/product\/921","targetHints":{"allow":["GET"]}}],"collection":[{"href":"https:\/\/www.wokthai.tn\/index.php?rest_route=\/wp\/v2\/product"}],"about":[{"href":"https:\/\/www.wokthai.tn\/index.php?rest_route=\/wp\/v2\/types\/product"}],"wp:featuredmedia":[{"embeddable":true,"href":"https:\/\/www.wokthai.tn\/index.php?rest_route=\/wp\/v2\/media\/919"}],"wp:attachment":[{"href":"https:\/\/www.wokthai.tn\/index.php?rest_route=%2Fwp%2Fv2%2Fmedia&parent=921"}],"wp:term":[{"taxonomy":"product_brand","embeddable":true,"href":"https:\/\/www.wokthai.tn\/index.php?rest_route=%2Fwp%2Fv2%2Fproduct_brand&post=921"},{"taxonomy":"product_cat","embeddable":true,"href":"https:\/\/www.wokthai.tn\/index.php?rest_route=%2Fwp%2Fv2%2Fproduct_cat&post=921"},{"taxonomy":"product_tag","embeddable":true,"href":"https:\/\/www.wokthai.tn\/index.php?rest_route=%2Fwp%2Fv2%2Fproduct_tag&post=921"}],"curies":[{"name":"wp","href":"https:\/\/api.w.org\/{rel}","templated":true}]}}