{"id":735,"date":"2025-03-27T22:58:05","date_gmt":"2025-03-27T21:58:05","guid":{"rendered":"https:\/\/www.wokthai.tn\/?post_type=product&#038;p=735"},"modified":"2025-04-07T14:37:13","modified_gmt":"2025-04-07T12:37:13","slug":"sweet-sour-crevettes","status":"publish","type":"product","link":"https:\/\/www.wokthai.tn\/?product=sweet-sour-crevettes&lang=fr","title":{"rendered":"Sweet &#038; sour Crevettes"},"content":{"rendered":"<p>\u00c9minc\u00e9 de poulet caram\u00e9lis\u00e9, saut\u00e9 au wok avec des l\u00e9gumes croquants, champignons frais ,de la tomate fra\u00eeche, un \u0153uf et des morceaux d\u2019ananas frais servi avec du riz blanc ( tha\u00ef jasmin rice).<\/p>\n","protected":false},"excerpt":{"rendered":"<p>\u00c9minc\u00e9 de poulet caram\u00e9lis\u00e9, saut\u00e9 au wok avec des l\u00e9gumes croquants, champignons frais ,de la tomate fra\u00eeche, un \u0153uf et des morceaux d\u2019ananas frais servi avec du riz blanc (&#8230;<\/p>\n","protected":false},"featured_media":882,"template":"","meta":[],"product_brand":[],"product_cat":[36],"product_tag":[],"class_list":{"0":"post-735","1":"product","2":"type-product","3":"status-publish","4":"has-post-thumbnail","6":"product_cat-c-rice","8":"first","9":"instock","10":"shipping-taxable","11":"product-type-variable"},"jetpack_sharing_enabled":true,"_links":{"self":[{"href":"https:\/\/www.wokthai.tn\/index.php?rest_route=\/wp\/v2\/product\/735","targetHints":{"allow":["GET"]}}],"collection":[{"href":"https:\/\/www.wokthai.tn\/index.php?rest_route=\/wp\/v2\/product"}],"about":[{"href":"https:\/\/www.wokthai.tn\/index.php?rest_route=\/wp\/v2\/types\/product"}],"wp:featuredmedia":[{"embeddable":true,"href":"https:\/\/www.wokthai.tn\/index.php?rest_route=\/wp\/v2\/media\/882"}],"wp:attachment":[{"href":"https:\/\/www.wokthai.tn\/index.php?rest_route=%2Fwp%2Fv2%2Fmedia&parent=735"}],"wp:term":[{"taxonomy":"product_brand","embeddable":true,"href":"https:\/\/www.wokthai.tn\/index.php?rest_route=%2Fwp%2Fv2%2Fproduct_brand&post=735"},{"taxonomy":"product_cat","embeddable":true,"href":"https:\/\/www.wokthai.tn\/index.php?rest_route=%2Fwp%2Fv2%2Fproduct_cat&post=735"},{"taxonomy":"product_tag","embeddable":true,"href":"https:\/\/www.wokthai.tn\/index.php?rest_route=%2Fwp%2Fv2%2Fproduct_tag&post=735"}],"curies":[{"name":"wp","href":"https:\/\/api.w.org\/{rel}","templated":true}]}}