{"id":733,"date":"2025-03-27T22:49:08","date_gmt":"2025-03-27T21:49:08","guid":{"rendered":"https:\/\/www.wokthai.tn\/?post_type=product&#038;p=733"},"modified":"2025-04-07T14:37:13","modified_gmt":"2025-04-07T12:37:13","slug":"khao-pad-crevettes","status":"publish","type":"product","link":"https:\/\/www.wokthai.tn\/?product=khao-pad-crevettes&lang=fr","title":{"rendered":"Khao pad crevettes"},"content":{"rendered":"<p>Riz saut\u00e9 au wok, m\u00eal\u00e9 \u00e0 des l\u00e9gumes frais croquants, champignons frais, un \u0153uf brouill\u00e9 le tout saut\u00e9 \u00e0 la sauce Woktha\u00ef.<\/p>\n","protected":false},"excerpt":{"rendered":"<p>Riz saut\u00e9 au wok, m\u00eal\u00e9 \u00e0 des l\u00e9gumes frais croquants, champignons frais, un \u0153uf brouill\u00e9 le tout saut\u00e9 \u00e0 la sauce Woktha\u00ef.<\/p>\n","protected":false},"featured_media":994,"template":"","meta":[],"product_brand":[],"product_cat":[36],"product_tag":[],"class_list":{"0":"post-733","1":"product","2":"type-product","3":"status-publish","4":"has-post-thumbnail","6":"product_cat-c-rice","8":"first","9":"instock","10":"shipping-taxable","11":"product-type-variable"},"jetpack_sharing_enabled":true,"_links":{"self":[{"href":"https:\/\/www.wokthai.tn\/index.php?rest_route=\/wp\/v2\/product\/733","targetHints":{"allow":["GET"]}}],"collection":[{"href":"https:\/\/www.wokthai.tn\/index.php?rest_route=\/wp\/v2\/product"}],"about":[{"href":"https:\/\/www.wokthai.tn\/index.php?rest_route=\/wp\/v2\/types\/product"}],"wp:featuredmedia":[{"embeddable":true,"href":"https:\/\/www.wokthai.tn\/index.php?rest_route=\/wp\/v2\/media\/994"}],"wp:attachment":[{"href":"https:\/\/www.wokthai.tn\/index.php?rest_route=%2Fwp%2Fv2%2Fmedia&parent=733"}],"wp:term":[{"taxonomy":"product_brand","embeddable":true,"href":"https:\/\/www.wokthai.tn\/index.php?rest_route=%2Fwp%2Fv2%2Fproduct_brand&post=733"},{"taxonomy":"product_cat","embeddable":true,"href":"https:\/\/www.wokthai.tn\/index.php?rest_route=%2Fwp%2Fv2%2Fproduct_cat&post=733"},{"taxonomy":"product_tag","embeddable":true,"href":"https:\/\/www.wokthai.tn\/index.php?rest_route=%2Fwp%2Fv2%2Fproduct_tag&post=733"}],"curies":[{"name":"wp","href":"https:\/\/api.w.org\/{rel}","templated":true}]}}