{"id":732,"date":"2025-03-27T22:46:48","date_gmt":"2025-03-27T21:46:48","guid":{"rendered":"https:\/\/www.wokthai.tn\/?post_type=product&#038;p=732"},"modified":"2025-04-07T14:37:13","modified_gmt":"2025-04-07T12:37:13","slug":"khao-pad-boeuf","status":"publish","type":"product","link":"https:\/\/www.wokthai.tn\/?product=khao-pad-boeuf&lang=fr","title":{"rendered":"Khao pad Boeuf"},"content":{"rendered":"<p>Riz saut\u00e9 au wok, m\u00eal\u00e9 \u00e0 des l\u00e9gumes frais croquants, champignons frais, un \u0153uf brouill\u00e9 le tout saut\u00e9 \u00e0 la sauce Woktha\u00ef.<\/p>\n","protected":false},"excerpt":{"rendered":"<p>Riz saut\u00e9 au wok, m\u00eal\u00e9 \u00e0 des l\u00e9gumes frais croquants, champignons frais, un \u0153uf brouill\u00e9 le tout saut\u00e9 \u00e0 la sauce Woktha\u00ef.<\/p>\n","protected":false},"featured_media":991,"template":"","meta":[],"product_brand":[],"product_cat":[36],"product_tag":[],"class_list":{"0":"post-732","1":"product","2":"type-product","3":"status-publish","4":"has-post-thumbnail","6":"product_cat-c-rice","8":"first","9":"instock","10":"shipping-taxable","11":"product-type-variable"},"jetpack_sharing_enabled":true,"_links":{"self":[{"href":"https:\/\/www.wokthai.tn\/index.php?rest_route=\/wp\/v2\/product\/732","targetHints":{"allow":["GET"]}}],"collection":[{"href":"https:\/\/www.wokthai.tn\/index.php?rest_route=\/wp\/v2\/product"}],"about":[{"href":"https:\/\/www.wokthai.tn\/index.php?rest_route=\/wp\/v2\/types\/product"}],"wp:featuredmedia":[{"embeddable":true,"href":"https:\/\/www.wokthai.tn\/index.php?rest_route=\/wp\/v2\/media\/991"}],"wp:attachment":[{"href":"https:\/\/www.wokthai.tn\/index.php?rest_route=%2Fwp%2Fv2%2Fmedia&parent=732"}],"wp:term":[{"taxonomy":"product_brand","embeddable":true,"href":"https:\/\/www.wokthai.tn\/index.php?rest_route=%2Fwp%2Fv2%2Fproduct_brand&post=732"},{"taxonomy":"product_cat","embeddable":true,"href":"https:\/\/www.wokthai.tn\/index.php?rest_route=%2Fwp%2Fv2%2Fproduct_cat&post=732"},{"taxonomy":"product_tag","embeddable":true,"href":"https:\/\/www.wokthai.tn\/index.php?rest_route=%2Fwp%2Fv2%2Fproduct_tag&post=732"}],"curies":[{"name":"wp","href":"https:\/\/api.w.org\/{rel}","templated":true}]}}