{"id":729,"date":"2025-03-27T22:41:35","date_gmt":"2025-03-27T21:41:35","guid":{"rendered":"https:\/\/www.wokthai.tn\/?post_type=product&#038;p=729"},"modified":"2025-04-07T14:37:13","modified_gmt":"2025-04-07T12:37:13","slug":"vegan-nouilles","status":"publish","type":"product","link":"https:\/\/www.wokthai.tn\/?product=vegan-nouilles&lang=fr","title":{"rendered":"Vegan Nouilles fra\u00eeches"},"content":{"rendered":"<p>Un m\u00e9lange savoureux de l\u00e9gumes frais et croquants, accompagn\u00e9 de tofu marin\u00e9, d\u2019ananas juteux, de champignons noirs et de champignons vari\u00e9s, le tout sublim\u00e9 par une sauce Woktha\u00ef riche et parfum\u00e9e.<\/p>\n","protected":false},"excerpt":{"rendered":"<p>Un m\u00e9lange savoureux de l\u00e9gumes frais et croquants, accompagn\u00e9 de tofu marin\u00e9, d\u2019ananas juteux, de champignons noirs et de champignons vari\u00e9s, le tout sublim\u00e9 par une sauce Woktha\u00ef riche et&#8230;<\/p>\n","protected":false},"featured_media":518,"template":"","meta":[],"product_brand":[],"product_cat":[41],"product_tag":[],"class_list":{"0":"post-729","1":"product","2":"type-product","3":"status-publish","4":"has-post-thumbnail","6":"product_cat-vegan","8":"first","9":"instock","10":"shipping-taxable","11":"product-type-variable"},"jetpack_sharing_enabled":true,"_links":{"self":[{"href":"https:\/\/www.wokthai.tn\/index.php?rest_route=\/wp\/v2\/product\/729","targetHints":{"allow":["GET"]}}],"collection":[{"href":"https:\/\/www.wokthai.tn\/index.php?rest_route=\/wp\/v2\/product"}],"about":[{"href":"https:\/\/www.wokthai.tn\/index.php?rest_route=\/wp\/v2\/types\/product"}],"wp:featuredmedia":[{"embeddable":true,"href":"https:\/\/www.wokthai.tn\/index.php?rest_route=\/wp\/v2\/media\/518"}],"wp:attachment":[{"href":"https:\/\/www.wokthai.tn\/index.php?rest_route=%2Fwp%2Fv2%2Fmedia&parent=729"}],"wp:term":[{"taxonomy":"product_brand","embeddable":true,"href":"https:\/\/www.wokthai.tn\/index.php?rest_route=%2Fwp%2Fv2%2Fproduct_brand&post=729"},{"taxonomy":"product_cat","embeddable":true,"href":"https:\/\/www.wokthai.tn\/index.php?rest_route=%2Fwp%2Fv2%2Fproduct_cat&post=729"},{"taxonomy":"product_tag","embeddable":true,"href":"https:\/\/www.wokthai.tn\/index.php?rest_route=%2Fwp%2Fv2%2Fproduct_tag&post=729"}],"curies":[{"name":"wp","href":"https:\/\/api.w.org\/{rel}","templated":true}]}}