{"id":716,"date":"2025-03-27T22:05:42","date_gmt":"2025-03-27T21:05:42","guid":{"rendered":"https:\/\/www.wokthai.tn\/?post_type=product&#038;p=716"},"modified":"2025-04-07T14:37:32","modified_gmt":"2025-04-07T12:37:32","slug":"fresh-spring-rolls-vegan-2p","status":"publish","type":"product","link":"https:\/\/www.wokthai.tn\/?product=fresh-spring-rolls-vegan-2p&lang=fr","title":{"rendered":"Fresh spring rolls Vegan (2p)"},"content":{"rendered":"<p>Galettes de riz fraiches, vermicelles, menthes, carottes, ananas frais, champignons noirs, le tout marin\u00e9 \u00e0 la sauce woktha\u00ef.<\/p>\n","protected":false},"excerpt":{"rendered":"<p>Galettes de riz fraiches, vermicelles, menthes, carottes, ananas frais, champignons noirs, le tout marin\u00e9 \u00e0 la sauce woktha\u00ef.<\/p>\n","protected":false},"featured_media":492,"template":"","meta":[],"product_brand":[],"product_cat":[41],"product_tag":[],"class_list":{"0":"post-716","1":"product","2":"type-product","3":"status-publish","4":"has-post-thumbnail","6":"product_cat-vegan","8":"first","9":"instock","10":"shipping-taxable","11":"product-type-simple"},"jetpack_sharing_enabled":true,"_links":{"self":[{"href":"https:\/\/www.wokthai.tn\/index.php?rest_route=\/wp\/v2\/product\/716","targetHints":{"allow":["GET"]}}],"collection":[{"href":"https:\/\/www.wokthai.tn\/index.php?rest_route=\/wp\/v2\/product"}],"about":[{"href":"https:\/\/www.wokthai.tn\/index.php?rest_route=\/wp\/v2\/types\/product"}],"wp:featuredmedia":[{"embeddable":true,"href":"https:\/\/www.wokthai.tn\/index.php?rest_route=\/wp\/v2\/media\/492"}],"wp:attachment":[{"href":"https:\/\/www.wokthai.tn\/index.php?rest_route=%2Fwp%2Fv2%2Fmedia&parent=716"}],"wp:term":[{"taxonomy":"product_brand","embeddable":true,"href":"https:\/\/www.wokthai.tn\/index.php?rest_route=%2Fwp%2Fv2%2Fproduct_brand&post=716"},{"taxonomy":"product_cat","embeddable":true,"href":"https:\/\/www.wokthai.tn\/index.php?rest_route=%2Fwp%2Fv2%2Fproduct_cat&post=716"},{"taxonomy":"product_tag","embeddable":true,"href":"https:\/\/www.wokthai.tn\/index.php?rest_route=%2Fwp%2Fv2%2Fproduct_tag&post=716"}],"curies":[{"name":"wp","href":"https:\/\/api.w.org\/{rel}","templated":true}]}}