{"id":711,"date":"2025-03-27T21:53:03","date_gmt":"2025-03-27T20:53:03","guid":{"rendered":"https:\/\/www.wokthai.tn\/?post_type=product&#038;p=711"},"modified":"2025-04-07T14:37:32","modified_gmt":"2025-04-07T12:37:32","slug":"fried-spring-rolls-crevettes-2p","status":"publish","type":"product","link":"https:\/\/www.wokthai.tn\/?product=fried-spring-rolls-crevettes-2p&lang=fr","title":{"rendered":"Fried spring rolls Crevettes (2p)"},"content":{"rendered":"<p>Farcis aux crevettes avec des l\u00e9gumes frais, d\u00e9licatement envelopp\u00e9s dans une feuille de riz croustillante.<\/p>\n","protected":false},"excerpt":{"rendered":"<p>Farcis aux crevettes avec des l\u00e9gumes frais, d\u00e9licatement envelopp\u00e9s dans une feuille de riz croustillante.<\/p>\n","protected":false},"featured_media":342,"template":"","meta":[],"product_brand":[],"product_cat":[25],"product_tag":[],"class_list":{"0":"post-711","1":"product","2":"type-product","3":"status-publish","4":"has-post-thumbnail","6":"product_cat-a-star","8":"first","9":"instock","10":"shipping-taxable","11":"product-type-simple"},"jetpack_sharing_enabled":true,"_links":{"self":[{"href":"https:\/\/www.wokthai.tn\/index.php?rest_route=\/wp\/v2\/product\/711","targetHints":{"allow":["GET"]}}],"collection":[{"href":"https:\/\/www.wokthai.tn\/index.php?rest_route=\/wp\/v2\/product"}],"about":[{"href":"https:\/\/www.wokthai.tn\/index.php?rest_route=\/wp\/v2\/types\/product"}],"wp:featuredmedia":[{"embeddable":true,"href":"https:\/\/www.wokthai.tn\/index.php?rest_route=\/wp\/v2\/media\/342"}],"wp:attachment":[{"href":"https:\/\/www.wokthai.tn\/index.php?rest_route=%2Fwp%2Fv2%2Fmedia&parent=711"}],"wp:term":[{"taxonomy":"product_brand","embeddable":true,"href":"https:\/\/www.wokthai.tn\/index.php?rest_route=%2Fwp%2Fv2%2Fproduct_brand&post=711"},{"taxonomy":"product_cat","embeddable":true,"href":"https:\/\/www.wokthai.tn\/index.php?rest_route=%2Fwp%2Fv2%2Fproduct_cat&post=711"},{"taxonomy":"product_tag","embeddable":true,"href":"https:\/\/www.wokthai.tn\/index.php?rest_route=%2Fwp%2Fv2%2Fproduct_tag&post=711"}],"curies":[{"name":"wp","href":"https:\/\/api.w.org\/{rel}","templated":true}]}}