{"id":543,"date":"2025-03-26T10:26:17","date_gmt":"2025-03-26T09:26:17","guid":{"rendered":"https:\/\/www.wokthai.tn\/?post_type=product&#038;p=543"},"modified":"2025-04-07T14:37:33","modified_gmt":"2025-04-07T12:37:33","slug":"menu-1","status":"publish","type":"product","link":"https:\/\/www.wokthai.tn\/?product=menu-1&lang=fr","title":{"rendered":"Menu 1"},"content":{"rendered":"<p>Deux b\u00e2tonnets de poulet croustillants, enrob\u00e9s de parmesan et de fromage hollandais, accompagn\u00e9s de riz blanc et d&rsquo;une sauce sucr\u00e9e, le tout relev\u00e9 par un jus d&rsquo;ananas frais ou, au choix, un soda rafra\u00eechissant.<\/p>\n","protected":false},"excerpt":{"rendered":"<p>Deux b\u00e2tonnets de poulet croustillants, enrob\u00e9s de parmesan et de fromage hollandais, accompagn\u00e9s de riz blanc et d&rsquo;une sauce sucr\u00e9e, le tout relev\u00e9 par un jus d&rsquo;ananas frais ou, au&#8230;<\/p>\n","protected":false},"featured_media":544,"template":"","meta":[],"product_brand":[],"product_cat":[38],"product_tag":[],"class_list":{"0":"post-543","1":"product","2":"type-product","3":"status-publish","4":"has-post-thumbnail","6":"product_cat-f-menu-kids","8":"first","9":"instock","10":"shipping-taxable","11":"product-type-simple"},"jetpack_sharing_enabled":true,"_links":{"self":[{"href":"https:\/\/www.wokthai.tn\/index.php?rest_route=\/wp\/v2\/product\/543","targetHints":{"allow":["GET"]}}],"collection":[{"href":"https:\/\/www.wokthai.tn\/index.php?rest_route=\/wp\/v2\/product"}],"about":[{"href":"https:\/\/www.wokthai.tn\/index.php?rest_route=\/wp\/v2\/types\/product"}],"wp:featuredmedia":[{"embeddable":true,"href":"https:\/\/www.wokthai.tn\/index.php?rest_route=\/wp\/v2\/media\/544"}],"wp:attachment":[{"href":"https:\/\/www.wokthai.tn\/index.php?rest_route=%2Fwp%2Fv2%2Fmedia&parent=543"}],"wp:term":[{"taxonomy":"product_brand","embeddable":true,"href":"https:\/\/www.wokthai.tn\/index.php?rest_route=%2Fwp%2Fv2%2Fproduct_brand&post=543"},{"taxonomy":"product_cat","embeddable":true,"href":"https:\/\/www.wokthai.tn\/index.php?rest_route=%2Fwp%2Fv2%2Fproduct_cat&post=543"},{"taxonomy":"product_tag","embeddable":true,"href":"https:\/\/www.wokthai.tn\/index.php?rest_route=%2Fwp%2Fv2%2Fproduct_tag&post=543"}],"curies":[{"name":"wp","href":"https:\/\/api.w.org\/{rel}","templated":true}]}}