{"id":541,"date":"2025-03-26T10:19:47","date_gmt":"2025-03-26T09:19:47","guid":{"rendered":"https:\/\/www.wokthai.tn\/?post_type=product&#038;p=541"},"modified":"2025-04-07T14:37:33","modified_gmt":"2025-04-07T12:37:33","slug":"pad-kapraw-beef","status":"publish","type":"product","link":"https:\/\/www.wokthai.tn\/?product=pad-kapraw-beef&lang=fr","title":{"rendered":"Pad kapraw Boeuf"},"content":{"rendered":"<p>Saut\u00e9 \u00e9pic\u00e9 de viande, cuisin\u00e9 avec du basilic tha\u00eflandais, des piments, des champignons et des l\u00e9gumes frais. Ce plat savoureux est servi avec du riz blanc parfum\u00e9 et un \u0153uf pour une touche gourmande.<\/p>\n","protected":false},"excerpt":{"rendered":"<p>Saut\u00e9 \u00e9pic\u00e9 de viande, cuisin\u00e9 avec du basilic tha\u00eflandais, des piments, des champignons et des l\u00e9gumes frais. Ce plat savoureux est servi avec du riz blanc parfum\u00e9 et un \u0153uf&#8230;<\/p>\n","protected":false},"featured_media":1014,"template":"","meta":[],"product_brand":[],"product_cat":[36],"product_tag":[],"class_list":{"0":"post-541","1":"product","2":"type-product","3":"status-publish","4":"has-post-thumbnail","6":"product_cat-c-rice","8":"first","9":"instock","10":"shipping-taxable","11":"product-type-variable"},"jetpack_sharing_enabled":true,"_links":{"self":[{"href":"https:\/\/www.wokthai.tn\/index.php?rest_route=\/wp\/v2\/product\/541","targetHints":{"allow":["GET"]}}],"collection":[{"href":"https:\/\/www.wokthai.tn\/index.php?rest_route=\/wp\/v2\/product"}],"about":[{"href":"https:\/\/www.wokthai.tn\/index.php?rest_route=\/wp\/v2\/types\/product"}],"wp:featuredmedia":[{"embeddable":true,"href":"https:\/\/www.wokthai.tn\/index.php?rest_route=\/wp\/v2\/media\/1014"}],"wp:attachment":[{"href":"https:\/\/www.wokthai.tn\/index.php?rest_route=%2Fwp%2Fv2%2Fmedia&parent=541"}],"wp:term":[{"taxonomy":"product_brand","embeddable":true,"href":"https:\/\/www.wokthai.tn\/index.php?rest_route=%2Fwp%2Fv2%2Fproduct_brand&post=541"},{"taxonomy":"product_cat","embeddable":true,"href":"https:\/\/www.wokthai.tn\/index.php?rest_route=%2Fwp%2Fv2%2Fproduct_cat&post=541"},{"taxonomy":"product_tag","embeddable":true,"href":"https:\/\/www.wokthai.tn\/index.php?rest_route=%2Fwp%2Fv2%2Fproduct_tag&post=541"}],"curies":[{"name":"wp","href":"https:\/\/api.w.org\/{rel}","templated":true}]}}