{"id":540,"date":"2025-03-26T10:14:01","date_gmt":"2025-03-26T09:14:01","guid":{"rendered":"https:\/\/www.wokthai.tn\/?post_type=product&#038;p=540"},"modified":"2025-04-07T14:37:33","modified_gmt":"2025-04-07T12:37:33","slug":"kai-me-ma-nuang-chicken","status":"publish","type":"product","link":"https:\/\/www.wokthai.tn\/?product=kai-me-ma-nuang-chicken&lang=fr","title":{"rendered":"Kai Me Ma Nuang Poulet"},"content":{"rendered":"<p>Poulet saut\u00e9 aux noix de cajou, accompagn\u00e9 de l\u00e9gumes frais croquants et de champignons savoureux, le tout relev\u00e9 par une sauce sucr\u00e9e-sal\u00e9e irr\u00e9sistible.<\/p>\n","protected":false},"excerpt":{"rendered":"<p>Poulet saut\u00e9 aux noix de cajou, accompagn\u00e9 de l\u00e9gumes frais croquants et de champignons savoureux, le tout relev\u00e9 par une sauce sucr\u00e9e-sal\u00e9e irr\u00e9sistible.<\/p>\n","protected":false},"featured_media":539,"template":"","meta":[],"product_brand":[],"product_cat":[36],"product_tag":[],"class_list":{"0":"post-540","1":"product","2":"type-product","3":"status-publish","4":"has-post-thumbnail","6":"product_cat-c-rice","8":"first","9":"instock","10":"shipping-taxable","11":"product-type-variable"},"jetpack_sharing_enabled":true,"_links":{"self":[{"href":"https:\/\/www.wokthai.tn\/index.php?rest_route=\/wp\/v2\/product\/540","targetHints":{"allow":["GET"]}}],"collection":[{"href":"https:\/\/www.wokthai.tn\/index.php?rest_route=\/wp\/v2\/product"}],"about":[{"href":"https:\/\/www.wokthai.tn\/index.php?rest_route=\/wp\/v2\/types\/product"}],"wp:featuredmedia":[{"embeddable":true,"href":"https:\/\/www.wokthai.tn\/index.php?rest_route=\/wp\/v2\/media\/539"}],"wp:attachment":[{"href":"https:\/\/www.wokthai.tn\/index.php?rest_route=%2Fwp%2Fv2%2Fmedia&parent=540"}],"wp:term":[{"taxonomy":"product_brand","embeddable":true,"href":"https:\/\/www.wokthai.tn\/index.php?rest_route=%2Fwp%2Fv2%2Fproduct_brand&post=540"},{"taxonomy":"product_cat","embeddable":true,"href":"https:\/\/www.wokthai.tn\/index.php?rest_route=%2Fwp%2Fv2%2Fproduct_cat&post=540"},{"taxonomy":"product_tag","embeddable":true,"href":"https:\/\/www.wokthai.tn\/index.php?rest_route=%2Fwp%2Fv2%2Fproduct_tag&post=540"}],"curies":[{"name":"wp","href":"https:\/\/api.w.org\/{rel}","templated":true}]}}