{"id":524,"date":"2025-03-26T09:16:26","date_gmt":"2025-03-26T08:16:26","guid":{"rendered":"https:\/\/www.wokthai.tn\/?post_type=product&#038;p=524"},"modified":"2025-04-07T14:37:34","modified_gmt":"2025-04-07T12:37:34","slug":"pad-kee-mao-drunken-noodles","status":"publish","type":"product","link":"https:\/\/www.wokthai.tn\/?product=pad-kee-mao-drunken-noodles&lang=fr","title":{"rendered":"Pad kee mao drunken noodles Poulet"},"content":{"rendered":"<p>Un m\u00e9lange exquis de nouilles de riz, de l\u00e9gumes croquants, d&rsquo;herbes aromatiques et de champignons savoureux, le tout saut\u00e9 dans une sauce parfum\u00e9e au basilic.<\/p>\n","protected":false},"excerpt":{"rendered":"<p>Un m\u00e9lange exquis de nouilles de riz, de l\u00e9gumes croquants, d&rsquo;herbes aromatiques et de champignons savoureux, le tout saut\u00e9 dans une sauce parfum\u00e9e au basilic.<\/p>\n","protected":false},"featured_media":940,"template":"","meta":[],"product_brand":[],"product_cat":[37],"product_tag":[],"class_list":{"0":"post-524","1":"product","2":"type-product","3":"status-publish","4":"has-post-thumbnail","6":"product_cat-b-noo","8":"first","9":"instock","10":"shipping-taxable","11":"product-type-variable"},"jetpack_sharing_enabled":true,"_links":{"self":[{"href":"https:\/\/www.wokthai.tn\/index.php?rest_route=\/wp\/v2\/product\/524","targetHints":{"allow":["GET"]}}],"collection":[{"href":"https:\/\/www.wokthai.tn\/index.php?rest_route=\/wp\/v2\/product"}],"about":[{"href":"https:\/\/www.wokthai.tn\/index.php?rest_route=\/wp\/v2\/types\/product"}],"wp:featuredmedia":[{"embeddable":true,"href":"https:\/\/www.wokthai.tn\/index.php?rest_route=\/wp\/v2\/media\/940"}],"wp:attachment":[{"href":"https:\/\/www.wokthai.tn\/index.php?rest_route=%2Fwp%2Fv2%2Fmedia&parent=524"}],"wp:term":[{"taxonomy":"product_brand","embeddable":true,"href":"https:\/\/www.wokthai.tn\/index.php?rest_route=%2Fwp%2Fv2%2Fproduct_brand&post=524"},{"taxonomy":"product_cat","embeddable":true,"href":"https:\/\/www.wokthai.tn\/index.php?rest_route=%2Fwp%2Fv2%2Fproduct_cat&post=524"},{"taxonomy":"product_tag","embeddable":true,"href":"https:\/\/www.wokthai.tn\/index.php?rest_route=%2Fwp%2Fv2%2Fproduct_tag&post=524"}],"curies":[{"name":"wp","href":"https:\/\/api.w.org\/{rel}","templated":true}]}}