{"id":506,"date":"2025-03-26T09:06:11","date_gmt":"2025-03-26T08:06:11","guid":{"rendered":"https:\/\/www.wokthai.tn\/?post_type=product&#038;p=506"},"modified":"2025-04-07T14:37:51","modified_gmt":"2025-04-07T12:37:51","slug":"pad-see-ew","status":"publish","type":"product","link":"https:\/\/www.wokthai.tn\/?product=pad-see-ew&lang=fr","title":{"rendered":"Pad see ew Poulet"},"content":{"rendered":"<p>Nouilles fra\u00eeches faites maison, accompagn\u00e9es de l\u00e9gumes croquants, de champignons savoureux et de cacahu\u00e8tes concass\u00e9es.<\/p>\n","protected":false},"excerpt":{"rendered":"<p>Nouilles fra\u00eeches faites maison, accompagn\u00e9es de l\u00e9gumes croquants, de champignons savoureux et de cacahu\u00e8tes concass\u00e9es.<\/p>\n","protected":false},"featured_media":936,"template":"","meta":[],"product_brand":[],"product_cat":[37],"product_tag":[],"class_list":{"0":"post-506","1":"product","2":"type-product","3":"status-publish","4":"has-post-thumbnail","6":"product_cat-b-noo","8":"first","9":"instock","10":"shipping-taxable","11":"product-type-variable"},"jetpack_sharing_enabled":true,"_links":{"self":[{"href":"https:\/\/www.wokthai.tn\/index.php?rest_route=\/wp\/v2\/product\/506","targetHints":{"allow":["GET"]}}],"collection":[{"href":"https:\/\/www.wokthai.tn\/index.php?rest_route=\/wp\/v2\/product"}],"about":[{"href":"https:\/\/www.wokthai.tn\/index.php?rest_route=\/wp\/v2\/types\/product"}],"wp:featuredmedia":[{"embeddable":true,"href":"https:\/\/www.wokthai.tn\/index.php?rest_route=\/wp\/v2\/media\/936"}],"wp:attachment":[{"href":"https:\/\/www.wokthai.tn\/index.php?rest_route=%2Fwp%2Fv2%2Fmedia&parent=506"}],"wp:term":[{"taxonomy":"product_brand","embeddable":true,"href":"https:\/\/www.wokthai.tn\/index.php?rest_route=%2Fwp%2Fv2%2Fproduct_brand&post=506"},{"taxonomy":"product_cat","embeddable":true,"href":"https:\/\/www.wokthai.tn\/index.php?rest_route=%2Fwp%2Fv2%2Fproduct_cat&post=506"},{"taxonomy":"product_tag","embeddable":true,"href":"https:\/\/www.wokthai.tn\/index.php?rest_route=%2Fwp%2Fv2%2Fproduct_tag&post=506"}],"curies":[{"name":"wp","href":"https:\/\/api.w.org\/{rel}","templated":true}]}}