{"id":493,"date":"2025-03-26T08:29:09","date_gmt":"2025-03-26T07:29:09","guid":{"rendered":"https:\/\/www.wokthai.tn\/?post_type=product&#038;p=493"},"modified":"2025-04-07T14:37:52","modified_gmt":"2025-04-07T12:37:52","slug":"cheese-meatballs-4p","status":"publish","type":"product","link":"https:\/\/www.wokthai.tn\/?product=cheese-meatballs-4p&lang=fr","title":{"rendered":"Cheese meatballs (4p)"},"content":{"rendered":"<p>Boulettes de viande gourmandes, pr\u00e9par\u00e9es \u00e0 partir de b\u0153uf de qualit\u00e9 sup\u00e9rieure, d\u00e9licatement assaisonn\u00e9es avec un m\u00e9lange d&rsquo;\u00e9pices savoureuses, \u00ab\u00a0Ele\u00a0\u00bb sauce, et garnies d\u2019un c\u0153ur fondant de fromage.<\/p>\n","protected":false},"excerpt":{"rendered":"<p>Boulettes de viande gourmandes, pr\u00e9par\u00e9es \u00e0 partir de b\u0153uf de qualit\u00e9 sup\u00e9rieure, d\u00e9licatement assaisonn\u00e9es avec un m\u00e9lange d&rsquo;\u00e9pices savoureuses, \u00ab\u00a0Ele\u00a0\u00bb sauce, et garnies d\u2019un c\u0153ur fondant de fromage.<\/p>\n","protected":false},"featured_media":494,"template":"","meta":[],"product_brand":[],"product_cat":[25],"product_tag":[],"class_list":{"0":"post-493","1":"product","2":"type-product","3":"status-publish","4":"has-post-thumbnail","6":"product_cat-a-star","8":"first","9":"instock","10":"shipping-taxable","11":"product-type-simple"},"jetpack_sharing_enabled":true,"_links":{"self":[{"href":"https:\/\/www.wokthai.tn\/index.php?rest_route=\/wp\/v2\/product\/493","targetHints":{"allow":["GET"]}}],"collection":[{"href":"https:\/\/www.wokthai.tn\/index.php?rest_route=\/wp\/v2\/product"}],"about":[{"href":"https:\/\/www.wokthai.tn\/index.php?rest_route=\/wp\/v2\/types\/product"}],"wp:featuredmedia":[{"embeddable":true,"href":"https:\/\/www.wokthai.tn\/index.php?rest_route=\/wp\/v2\/media\/494"}],"wp:attachment":[{"href":"https:\/\/www.wokthai.tn\/index.php?rest_route=%2Fwp%2Fv2%2Fmedia&parent=493"}],"wp:term":[{"taxonomy":"product_brand","embeddable":true,"href":"https:\/\/www.wokthai.tn\/index.php?rest_route=%2Fwp%2Fv2%2Fproduct_brand&post=493"},{"taxonomy":"product_cat","embeddable":true,"href":"https:\/\/www.wokthai.tn\/index.php?rest_route=%2Fwp%2Fv2%2Fproduct_cat&post=493"},{"taxonomy":"product_tag","embeddable":true,"href":"https:\/\/www.wokthai.tn\/index.php?rest_route=%2Fwp%2Fv2%2Fproduct_tag&post=493"}],"curies":[{"name":"wp","href":"https:\/\/api.w.org\/{rel}","templated":true}]}}