{"id":483,"date":"2025-03-26T08:15:49","date_gmt":"2025-03-26T07:15:49","guid":{"rendered":"https:\/\/www.wokthai.tn\/?post_type=product&#038;p=483"},"modified":"2025-04-07T14:37:52","modified_gmt":"2025-04-07T12:37:52","slug":"nems-2p","status":"publish","type":"product","link":"https:\/\/www.wokthai.tn\/?product=nems-2p&lang=fr","title":{"rendered":"Nems Poulet (2p)"},"content":{"rendered":"<p>Pr\u00e9par\u00e9s \u00e0 base de feuilles de riz croustillantes, farcies au poulet, avec un m\u00e9lange de coriandre, l\u00e9gumes frais et des vermicelles de riz.<\/p>\n","protected":false},"excerpt":{"rendered":"<p>Pr\u00e9par\u00e9s \u00e0 base de feuilles de riz croustillantes, farcies au poulet, avec un m\u00e9lange de coriandre, l\u00e9gumes frais et des vermicelles de riz.<\/p>\n","protected":false},"featured_media":491,"template":"","meta":[],"product_brand":[],"product_cat":[25],"product_tag":[],"class_list":{"0":"post-483","1":"product","2":"type-product","3":"status-publish","4":"has-post-thumbnail","6":"product_cat-a-star","8":"first","9":"instock","10":"shipping-taxable","11":"product-type-simple"},"jetpack_sharing_enabled":true,"_links":{"self":[{"href":"https:\/\/www.wokthai.tn\/index.php?rest_route=\/wp\/v2\/product\/483","targetHints":{"allow":["GET"]}}],"collection":[{"href":"https:\/\/www.wokthai.tn\/index.php?rest_route=\/wp\/v2\/product"}],"about":[{"href":"https:\/\/www.wokthai.tn\/index.php?rest_route=\/wp\/v2\/types\/product"}],"wp:featuredmedia":[{"embeddable":true,"href":"https:\/\/www.wokthai.tn\/index.php?rest_route=\/wp\/v2\/media\/491"}],"wp:attachment":[{"href":"https:\/\/www.wokthai.tn\/index.php?rest_route=%2Fwp%2Fv2%2Fmedia&parent=483"}],"wp:term":[{"taxonomy":"product_brand","embeddable":true,"href":"https:\/\/www.wokthai.tn\/index.php?rest_route=%2Fwp%2Fv2%2Fproduct_brand&post=483"},{"taxonomy":"product_cat","embeddable":true,"href":"https:\/\/www.wokthai.tn\/index.php?rest_route=%2Fwp%2Fv2%2Fproduct_cat&post=483"},{"taxonomy":"product_tag","embeddable":true,"href":"https:\/\/www.wokthai.tn\/index.php?rest_route=%2Fwp%2Fv2%2Fproduct_tag&post=483"}],"curies":[{"name":"wp","href":"https:\/\/api.w.org\/{rel}","templated":true}]}}