{"id":482,"date":"2025-03-26T08:09:27","date_gmt":"2025-03-26T07:09:27","guid":{"rendered":"https:\/\/www.wokthai.tn\/?post_type=product&#038;p=482"},"modified":"2025-04-07T14:37:52","modified_gmt":"2025-04-07T12:37:52","slug":"cheese-beef-skewer-3p-copie","status":"publish","type":"product","link":"https:\/\/www.wokthai.tn\/?product=cheese-beef-skewer-3p-copie&lang=fr","title":{"rendered":"Cheese chicken rissoles (2p)"},"content":{"rendered":"<p>D\u00e9licieuses rissoles croustillantes, garnies d&rsquo;une farce savoureuse au poulet hach\u00e9, au fromage fondant et \u00e0 la pur\u00e9e de pommes de terre onctueuse.<\/p>\n","protected":false},"excerpt":{"rendered":"<p>D\u00e9licieuses rissoles croustillantes, garnies d&rsquo;une farce savoureuse au poulet hach\u00e9, au fromage fondant et \u00e0 la pur\u00e9e de pommes de terre onctueuse.<\/p>\n","protected":false},"featured_media":624,"template":"","meta":[],"product_brand":[],"product_cat":[25],"product_tag":[],"class_list":{"0":"post-482","1":"product","2":"type-product","3":"status-publish","4":"has-post-thumbnail","6":"product_cat-a-star","8":"first","9":"instock","10":"shipping-taxable","11":"product-type-simple"},"jetpack_sharing_enabled":true,"_links":{"self":[{"href":"https:\/\/www.wokthai.tn\/index.php?rest_route=\/wp\/v2\/product\/482","targetHints":{"allow":["GET"]}}],"collection":[{"href":"https:\/\/www.wokthai.tn\/index.php?rest_route=\/wp\/v2\/product"}],"about":[{"href":"https:\/\/www.wokthai.tn\/index.php?rest_route=\/wp\/v2\/types\/product"}],"wp:featuredmedia":[{"embeddable":true,"href":"https:\/\/www.wokthai.tn\/index.php?rest_route=\/wp\/v2\/media\/624"}],"wp:attachment":[{"href":"https:\/\/www.wokthai.tn\/index.php?rest_route=%2Fwp%2Fv2%2Fmedia&parent=482"}],"wp:term":[{"taxonomy":"product_brand","embeddable":true,"href":"https:\/\/www.wokthai.tn\/index.php?rest_route=%2Fwp%2Fv2%2Fproduct_brand&post=482"},{"taxonomy":"product_cat","embeddable":true,"href":"https:\/\/www.wokthai.tn\/index.php?rest_route=%2Fwp%2Fv2%2Fproduct_cat&post=482"},{"taxonomy":"product_tag","embeddable":true,"href":"https:\/\/www.wokthai.tn\/index.php?rest_route=%2Fwp%2Fv2%2Fproduct_tag&post=482"}],"curies":[{"name":"wp","href":"https:\/\/api.w.org\/{rel}","templated":true}]}}