{"id":45,"date":"2024-07-21T09:22:17","date_gmt":"2024-07-21T09:22:17","guid":{"rendered":"https:\/\/cristiano.ukrdevs.com\/restaurant\/elementor\/?post_type=product&#038;p=45"},"modified":"2025-04-07T14:37:52","modified_gmt":"2025-04-07T12:37:52","slug":"tom-goong-nam-khon","status":"publish","type":"product","link":"https:\/\/www.wokthai.tn\/?product=tom-goong-nam-khon&lang=fr","title":{"rendered":"Tom Goong Nam Khon"},"content":{"rendered":"<p>Soupe de crevettes \u00e9pic\u00e9e, parfum\u00e9e \u00e0 la citronnelle et \u00e0 la cr\u00e8me de lait de coco concentr\u00e9, du Galanga, des champignons frais, des vermicelles ainsi que des l\u00e9gumes croquants.<\/p>\n","protected":false},"excerpt":{"rendered":"<p>Soupe de crevettes \u00e9pic\u00e9e, parfum\u00e9e \u00e0 la citronnelle et \u00e0 la cr\u00e8me de lait de coco concentr\u00e9, du Galanga, des champignons frais, des vermicelles ainsi que des l\u00e9gumes croquants.<\/p>\n","protected":false},"featured_media":973,"template":"","meta":[],"product_brand":[],"product_cat":[22],"product_tag":[],"class_list":{"0":"post-45","1":"product","2":"type-product","3":"status-publish","4":"has-post-thumbnail","6":"product_cat-d-sou","8":"first","9":"instock","10":"shipping-taxable","11":"product-type-variable"},"jetpack_sharing_enabled":true,"_links":{"self":[{"href":"https:\/\/www.wokthai.tn\/index.php?rest_route=\/wp\/v2\/product\/45","targetHints":{"allow":["GET"]}}],"collection":[{"href":"https:\/\/www.wokthai.tn\/index.php?rest_route=\/wp\/v2\/product"}],"about":[{"href":"https:\/\/www.wokthai.tn\/index.php?rest_route=\/wp\/v2\/types\/product"}],"wp:featuredmedia":[{"embeddable":true,"href":"https:\/\/www.wokthai.tn\/index.php?rest_route=\/wp\/v2\/media\/973"}],"wp:attachment":[{"href":"https:\/\/www.wokthai.tn\/index.php?rest_route=%2Fwp%2Fv2%2Fmedia&parent=45"}],"wp:term":[{"taxonomy":"product_brand","embeddable":true,"href":"https:\/\/www.wokthai.tn\/index.php?rest_route=%2Fwp%2Fv2%2Fproduct_brand&post=45"},{"taxonomy":"product_cat","embeddable":true,"href":"https:\/\/www.wokthai.tn\/index.php?rest_route=%2Fwp%2Fv2%2Fproduct_cat&post=45"},{"taxonomy":"product_tag","embeddable":true,"href":"https:\/\/www.wokthai.tn\/index.php?rest_route=%2Fwp%2Fv2%2Fproduct_tag&post=45"}],"curies":[{"name":"wp","href":"https:\/\/api.w.org\/{rel}","templated":true}]}}