{"id":41,"date":"2024-07-21T09:18:33","date_gmt":"2024-07-21T09:18:33","guid":{"rendered":"https:\/\/cristiano.ukrdevs.com\/restaurant\/elementor\/?post_type=product&#038;p=41"},"modified":"2025-04-07T14:37:52","modified_gmt":"2025-04-07T12:37:52","slug":"pad-thai","status":"publish","type":"product","link":"https:\/\/www.wokthai.tn\/?product=pad-thai&lang=fr","title":{"rendered":"Pad Tha\u00ef Poulet"},"content":{"rendered":"<p>Nouilles de riz saut\u00e9es, m\u00e9lang\u00e9es \u00e0 des l\u00e9gumes frais croquants, un \u0153uf brouill\u00e9, une touche de beurre de cacahu\u00e8tes et des cacahu\u00e8tes concass\u00e9es. Le tout sublim\u00e9 par une garniture de coriandre fra\u00eeche et un filet de jus de lime.<\/p>\n","protected":false},"excerpt":{"rendered":"<p>Nouilles de riz saut\u00e9es, m\u00e9lang\u00e9es \u00e0 des l\u00e9gumes frais croquants, un \u0153uf brouill\u00e9, une touche de beurre de cacahu\u00e8tes et des cacahu\u00e8tes concass\u00e9es. Le tout sublim\u00e9 par une garniture de&#8230;<\/p>\n","protected":false},"featured_media":993,"template":"","meta":[],"product_brand":[],"product_cat":[37],"product_tag":[],"class_list":{"0":"post-41","1":"product","2":"type-product","3":"status-publish","4":"has-post-thumbnail","6":"product_cat-b-noo","8":"first","9":"instock","10":"featured","11":"shipping-taxable","12":"product-type-variable"},"jetpack_sharing_enabled":true,"_links":{"self":[{"href":"https:\/\/www.wokthai.tn\/index.php?rest_route=\/wp\/v2\/product\/41","targetHints":{"allow":["GET"]}}],"collection":[{"href":"https:\/\/www.wokthai.tn\/index.php?rest_route=\/wp\/v2\/product"}],"about":[{"href":"https:\/\/www.wokthai.tn\/index.php?rest_route=\/wp\/v2\/types\/product"}],"wp:featuredmedia":[{"embeddable":true,"href":"https:\/\/www.wokthai.tn\/index.php?rest_route=\/wp\/v2\/media\/993"}],"wp:attachment":[{"href":"https:\/\/www.wokthai.tn\/index.php?rest_route=%2Fwp%2Fv2%2Fmedia&parent=41"}],"wp:term":[{"taxonomy":"product_brand","embeddable":true,"href":"https:\/\/www.wokthai.tn\/index.php?rest_route=%2Fwp%2Fv2%2Fproduct_brand&post=41"},{"taxonomy":"product_cat","embeddable":true,"href":"https:\/\/www.wokthai.tn\/index.php?rest_route=%2Fwp%2Fv2%2Fproduct_cat&post=41"},{"taxonomy":"product_tag","embeddable":true,"href":"https:\/\/www.wokthai.tn\/index.php?rest_route=%2Fwp%2Fv2%2Fproduct_tag&post=41"}],"curies":[{"name":"wp","href":"https:\/\/api.w.org\/{rel}","templated":true}]}}