{"id":39,"date":"2024-07-21T09:17:31","date_gmt":"2024-07-21T09:17:31","guid":{"rendered":"https:\/\/cristiano.ukrdevs.com\/restaurant\/elementor\/?post_type=product&#038;p=39"},"modified":"2025-04-23T18:15:39","modified_gmt":"2025-04-23T17:15:39","slug":"pho-beef","status":"publish","type":"product","link":"https:\/\/www.wokthai.tn\/?product=pho-beef&lang=fr","title":{"rendered":"Pho boeuf"},"content":{"rendered":"<p>Plat embl\u00e9matique de la cuisine vietnamienne, le Ph\u1edf est un bouillon parfum\u00e9 garni de nouilles de riz, carpaccio de filet de b\u0153uf, d&rsquo;herbes fra\u00eeches comme la coriandre, la menthe, le basilic et les oignons verts.<\/p>\n","protected":false},"excerpt":{"rendered":"<p>Plat embl\u00e9matique de la cuisine vietnamienne, le Ph\u1edf est un bouillon parfum\u00e9 garni de nouilles de riz, carpaccio de filet de b\u0153uf, d&rsquo;herbes fra\u00eeches comme la coriandre, la menthe, le&#8230;<\/p>\n","protected":false},"featured_media":931,"template":"","meta":[],"product_brand":[],"product_cat":[37],"product_tag":[],"class_list":{"0":"post-39","1":"product","2":"type-product","3":"status-publish","4":"has-post-thumbnail","6":"product_cat-b-noo","8":"first","9":"instock","10":"shipping-taxable","11":"product-type-variable"},"jetpack_sharing_enabled":true,"_links":{"self":[{"href":"https:\/\/www.wokthai.tn\/index.php?rest_route=\/wp\/v2\/product\/39","targetHints":{"allow":["GET"]}}],"collection":[{"href":"https:\/\/www.wokthai.tn\/index.php?rest_route=\/wp\/v2\/product"}],"about":[{"href":"https:\/\/www.wokthai.tn\/index.php?rest_route=\/wp\/v2\/types\/product"}],"wp:featuredmedia":[{"embeddable":true,"href":"https:\/\/www.wokthai.tn\/index.php?rest_route=\/wp\/v2\/media\/931"}],"wp:attachment":[{"href":"https:\/\/www.wokthai.tn\/index.php?rest_route=%2Fwp%2Fv2%2Fmedia&parent=39"}],"wp:term":[{"taxonomy":"product_brand","embeddable":true,"href":"https:\/\/www.wokthai.tn\/index.php?rest_route=%2Fwp%2Fv2%2Fproduct_brand&post=39"},{"taxonomy":"product_cat","embeddable":true,"href":"https:\/\/www.wokthai.tn\/index.php?rest_route=%2Fwp%2Fv2%2Fproduct_cat&post=39"},{"taxonomy":"product_tag","embeddable":true,"href":"https:\/\/www.wokthai.tn\/index.php?rest_route=%2Fwp%2Fv2%2Fproduct_tag&post=39"}],"curies":[{"name":"wp","href":"https:\/\/api.w.org\/{rel}","templated":true}]}}