{"id":31,"date":"2024-07-21T09:12:39","date_gmt":"2024-07-21T09:12:39","guid":{"rendered":"https:\/\/cristiano.ukrdevs.com\/restaurant\/elementor\/?post_type=product&#038;p=31"},"modified":"2025-04-07T14:37:53","modified_gmt":"2025-04-07T12:37:53","slug":"noodles-cheese-beef-skewer-3p","status":"publish","type":"product","link":"https:\/\/www.wokthai.tn\/?product=noodles-cheese-beef-skewer-3p&lang=fr","title":{"rendered":"Cheese beef skewer (3p)"},"content":{"rendered":"<p>Des brochettes de b\u0153uf juteuses renfermant du fromage fondant, accompagn\u00e9es de riz blanc et de sauce soja sucr\u00e9e (Ele sauce).<\/p>\n","protected":false},"excerpt":{"rendered":"<p>Des brochettes de b\u0153uf juteuses renfermant du fromage fondant, accompagn\u00e9es de riz blanc et de sauce soja sucr\u00e9e (Ele sauce).<\/p>\n","protected":false},"featured_media":945,"template":"","meta":[],"product_brand":[],"product_cat":[25],"product_tag":[],"class_list":{"0":"post-31","1":"product","2":"type-product","3":"status-publish","4":"has-post-thumbnail","6":"product_cat-a-star","8":"first","9":"instock","10":"shipping-taxable","11":"product-type-simple"},"jetpack_sharing_enabled":true,"_links":{"self":[{"href":"https:\/\/www.wokthai.tn\/index.php?rest_route=\/wp\/v2\/product\/31","targetHints":{"allow":["GET"]}}],"collection":[{"href":"https:\/\/www.wokthai.tn\/index.php?rest_route=\/wp\/v2\/product"}],"about":[{"href":"https:\/\/www.wokthai.tn\/index.php?rest_route=\/wp\/v2\/types\/product"}],"wp:featuredmedia":[{"embeddable":true,"href":"https:\/\/www.wokthai.tn\/index.php?rest_route=\/wp\/v2\/media\/945"}],"wp:attachment":[{"href":"https:\/\/www.wokthai.tn\/index.php?rest_route=%2Fwp%2Fv2%2Fmedia&parent=31"}],"wp:term":[{"taxonomy":"product_brand","embeddable":true,"href":"https:\/\/www.wokthai.tn\/index.php?rest_route=%2Fwp%2Fv2%2Fproduct_brand&post=31"},{"taxonomy":"product_cat","embeddable":true,"href":"https:\/\/www.wokthai.tn\/index.php?rest_route=%2Fwp%2Fv2%2Fproduct_cat&post=31"},{"taxonomy":"product_tag","embeddable":true,"href":"https:\/\/www.wokthai.tn\/index.php?rest_route=%2Fwp%2Fv2%2Fproduct_tag&post=31"}],"curies":[{"name":"wp","href":"https:\/\/api.w.org\/{rel}","templated":true}]}}