{"id":30,"date":"2024-07-21T09:08:43","date_gmt":"2024-07-21T09:08:43","guid":{"rendered":"https:\/\/cristiano.ukrdevs.com\/restaurant\/elementor\/?post_type=product&#038;p=30"},"modified":"2025-04-07T14:38:13","modified_gmt":"2025-04-07T12:38:13","slug":"starters-thung-thong-thai-crispy-dumpling-4p","status":"publish","type":"product","link":"https:\/\/www.wokthai.tn\/?product=starters-thung-thong-thai-crispy-dumpling-4p&lang=fr","title":{"rendered":"Thung Thong\/Tha\u00ef crispy dumpling (4p)"},"content":{"rendered":"<p>Petits sacs frits au poulet hach\u00e9 et aux l\u00e9gumes croquants, accompagn\u00e9s d&rsquo;une sauce aigre-douce.<\/p>\n","protected":false},"excerpt":{"rendered":"<p>Petits sacs frits au poulet hach\u00e9 et aux l\u00e9gumes croquants, accompagn\u00e9s d&rsquo;une sauce aigre-douce.<\/p>\n","protected":false},"featured_media":502,"template":"","meta":[],"product_brand":[],"product_cat":[25],"product_tag":[],"class_list":{"0":"post-30","1":"product","2":"type-product","3":"status-publish","4":"has-post-thumbnail","6":"product_cat-a-star","8":"first","9":"instock","10":"shipping-taxable","11":"product-type-simple"},"jetpack_sharing_enabled":true,"_links":{"self":[{"href":"https:\/\/www.wokthai.tn\/index.php?rest_route=\/wp\/v2\/product\/30","targetHints":{"allow":["GET"]}}],"collection":[{"href":"https:\/\/www.wokthai.tn\/index.php?rest_route=\/wp\/v2\/product"}],"about":[{"href":"https:\/\/www.wokthai.tn\/index.php?rest_route=\/wp\/v2\/types\/product"}],"wp:featuredmedia":[{"embeddable":true,"href":"https:\/\/www.wokthai.tn\/index.php?rest_route=\/wp\/v2\/media\/502"}],"wp:attachment":[{"href":"https:\/\/www.wokthai.tn\/index.php?rest_route=%2Fwp%2Fv2%2Fmedia&parent=30"}],"wp:term":[{"taxonomy":"product_brand","embeddable":true,"href":"https:\/\/www.wokthai.tn\/index.php?rest_route=%2Fwp%2Fv2%2Fproduct_brand&post=30"},{"taxonomy":"product_cat","embeddable":true,"href":"https:\/\/www.wokthai.tn\/index.php?rest_route=%2Fwp%2Fv2%2Fproduct_cat&post=30"},{"taxonomy":"product_tag","embeddable":true,"href":"https:\/\/www.wokthai.tn\/index.php?rest_route=%2Fwp%2Fv2%2Fproduct_tag&post=30"}],"curies":[{"name":"wp","href":"https:\/\/api.w.org\/{rel}","templated":true}]}}