{"id":24,"date":"2024-07-21T08:42:59","date_gmt":"2024-07-21T08:42:59","guid":{"rendered":"https:\/\/cristiano.ukrdevs.com\/restaurant\/elementor\/?post_type=product&#038;p=24"},"modified":"2025-04-07T14:38:13","modified_gmt":"2025-04-07T12:38:13","slug":"bbq-ranch-burger","status":"publish","type":"product","link":"https:\/\/www.wokthai.tn\/?product=bbq-ranch-burger&lang=fr","title":{"rendered":"Lab Kai \/ Tha\u00ef Chicken Salad"},"content":{"rendered":"<p>Salade d&rsquo;\u00e9minc\u00e9 de poulet, laitue, raisins secs, oignons caram\u00e9lis\u00e9s, carottes, choux, citron, tomates cerise et ananas frais.<\/p>\n","protected":false},"excerpt":{"rendered":"<p>Salade d&rsquo;\u00e9minc\u00e9 de poulet, laitue, raisins secs, oignons caram\u00e9lis\u00e9s, carottes, choux, citron, tomates cerise et ananas frais.<\/p>\n","protected":false},"featured_media":349,"template":"","meta":[],"product_brand":[],"product_cat":[20],"product_tag":[],"class_list":{"0":"post-24","1":"product","2":"type-product","3":"status-publish","4":"has-post-thumbnail","6":"product_cat-e-sal","8":"first","9":"instock","10":"shipping-taxable","11":"product-type-variable"},"jetpack_sharing_enabled":true,"_links":{"self":[{"href":"https:\/\/www.wokthai.tn\/index.php?rest_route=\/wp\/v2\/product\/24","targetHints":{"allow":["GET"]}}],"collection":[{"href":"https:\/\/www.wokthai.tn\/index.php?rest_route=\/wp\/v2\/product"}],"about":[{"href":"https:\/\/www.wokthai.tn\/index.php?rest_route=\/wp\/v2\/types\/product"}],"wp:featuredmedia":[{"embeddable":true,"href":"https:\/\/www.wokthai.tn\/index.php?rest_route=\/wp\/v2\/media\/349"}],"wp:attachment":[{"href":"https:\/\/www.wokthai.tn\/index.php?rest_route=%2Fwp%2Fv2%2Fmedia&parent=24"}],"wp:term":[{"taxonomy":"product_brand","embeddable":true,"href":"https:\/\/www.wokthai.tn\/index.php?rest_route=%2Fwp%2Fv2%2Fproduct_brand&post=24"},{"taxonomy":"product_cat","embeddable":true,"href":"https:\/\/www.wokthai.tn\/index.php?rest_route=%2Fwp%2Fv2%2Fproduct_cat&post=24"},{"taxonomy":"product_tag","embeddable":true,"href":"https:\/\/www.wokthai.tn\/index.php?rest_route=%2Fwp%2Fv2%2Fproduct_tag&post=24"}],"curies":[{"name":"wp","href":"https:\/\/api.w.org\/{rel}","templated":true}]}}