{"id":1726,"date":"2025-04-23T17:20:43","date_gmt":"2025-04-23T16:20:43","guid":{"rendered":"https:\/\/www.wokthai.tn\/?post_type=product&#038;p=1726"},"modified":"2025-04-23T17:57:00","modified_gmt":"2025-04-23T16:57:00","slug":"gyoza-shrimp-4p","status":"publish","type":"product","link":"https:\/\/www.wokthai.tn\/?product=gyoza-shrimp-4p&lang=en","title":{"rendered":"Gyoza Shrimp (4p)"},"content":{"rendered":"<p>Petits raviolis gourmands, farcis aux crevettes, cuits \u00e0 la vapeur pour une texture moelleuse, puis l\u00e9g\u00e8rement grill\u00e9s pour une touche croustillante.<\/p>\n","protected":false},"excerpt":{"rendered":"<p>Petits raviolis gourmands, farcis aux crevettes, cuits \u00e0 la vapeur pour une texture moelleuse, puis l\u00e9g\u00e8rement grill\u00e9s pour une touche croustillante.<\/p>\n","protected":false},"featured_media":498,"template":"","meta":[],"product_brand":[],"product_cat":[95],"product_tag":[],"class_list":{"0":"post-1726","1":"product","2":"type-product","3":"status-publish","4":"has-post-thumbnail","6":"product_cat-a-star-en","8":"first","9":"instock","10":"shipping-taxable","11":"product-type-simple"},"jetpack_sharing_enabled":true,"_links":{"self":[{"href":"https:\/\/www.wokthai.tn\/index.php?rest_route=\/wp\/v2\/product\/1726","targetHints":{"allow":["GET"]}}],"collection":[{"href":"https:\/\/www.wokthai.tn\/index.php?rest_route=\/wp\/v2\/product"}],"about":[{"href":"https:\/\/www.wokthai.tn\/index.php?rest_route=\/wp\/v2\/types\/product"}],"wp:featuredmedia":[{"embeddable":true,"href":"https:\/\/www.wokthai.tn\/index.php?rest_route=\/wp\/v2\/media\/498"}],"wp:attachment":[{"href":"https:\/\/www.wokthai.tn\/index.php?rest_route=%2Fwp%2Fv2%2Fmedia&parent=1726"}],"wp:term":[{"taxonomy":"product_brand","embeddable":true,"href":"https:\/\/www.wokthai.tn\/index.php?rest_route=%2Fwp%2Fv2%2Fproduct_brand&post=1726"},{"taxonomy":"product_cat","embeddable":true,"href":"https:\/\/www.wokthai.tn\/index.php?rest_route=%2Fwp%2Fv2%2Fproduct_cat&post=1726"},{"taxonomy":"product_tag","embeddable":true,"href":"https:\/\/www.wokthai.tn\/index.php?rest_route=%2Fwp%2Fv2%2Fproduct_tag&post=1726"}],"curies":[{"name":"wp","href":"https:\/\/api.w.org\/{rel}","templated":true}]}}