{"id":1666,"date":"2025-04-10T13:38:22","date_gmt":"2025-04-10T12:38:22","guid":{"rendered":"https:\/\/www.wokthai.tn\/?post_type=product&#038;p=1666"},"modified":"2025-04-23T16:32:11","modified_gmt":"2025-04-23T15:32:11","slug":"1666","status":"publish","type":"product","link":"https:\/\/www.wokthai.tn\/?product=1666&lang=fr","title":{"rendered":"Beef Satay"},"content":{"rendered":"<p>Brochettes de b\u0153uf (100 % maigre), servies avec votre choix de riz jasmin tha\u00ef haut de gamme ou de nouilles saut\u00e9es \u00e0 l\u2019ail au wok, l\u00e9gumes saut\u00e9s au wok, champignons frais, accompagn\u00e9es de sauce chili douce, de mayonnaise Sriracha et de chips de pommes de terre croustillantes.<br data-start=\"278\" data-end=\"281\" \/>Option de remplacer le riz par des nouilles saut\u00e9es.<\/p>\n","protected":false},"excerpt":{"rendered":"<p>Brochettes de b\u0153uf (100 % maigre), servies avec votre choix de riz jasmin tha\u00ef haut de gamme ou de nouilles saut\u00e9es \u00e0 l\u2019ail au wok, l\u00e9gumes saut\u00e9s au wok, champignons&#8230;<\/p>\n","protected":false},"featured_media":602,"template":"","meta":[],"product_brand":[],"product_cat":[15],"product_tag":[],"class_list":{"0":"post-1666","1":"product","2":"type-product","3":"status-publish","4":"has-post-thumbnail","6":"product_cat-non-classe","8":"first","9":"instock","10":"shipping-taxable","11":"product-type-simple"},"jetpack_sharing_enabled":true,"_links":{"self":[{"href":"https:\/\/www.wokthai.tn\/index.php?rest_route=\/wp\/v2\/product\/1666","targetHints":{"allow":["GET"]}}],"collection":[{"href":"https:\/\/www.wokthai.tn\/index.php?rest_route=\/wp\/v2\/product"}],"about":[{"href":"https:\/\/www.wokthai.tn\/index.php?rest_route=\/wp\/v2\/types\/product"}],"wp:featuredmedia":[{"embeddable":true,"href":"https:\/\/www.wokthai.tn\/index.php?rest_route=\/wp\/v2\/media\/602"}],"wp:attachment":[{"href":"https:\/\/www.wokthai.tn\/index.php?rest_route=%2Fwp%2Fv2%2Fmedia&parent=1666"}],"wp:term":[{"taxonomy":"product_brand","embeddable":true,"href":"https:\/\/www.wokthai.tn\/index.php?rest_route=%2Fwp%2Fv2%2Fproduct_brand&post=1666"},{"taxonomy":"product_cat","embeddable":true,"href":"https:\/\/www.wokthai.tn\/index.php?rest_route=%2Fwp%2Fv2%2Fproduct_cat&post=1666"},{"taxonomy":"product_tag","embeddable":true,"href":"https:\/\/www.wokthai.tn\/index.php?rest_route=%2Fwp%2Fv2%2Fproduct_tag&post=1666"}],"curies":[{"name":"wp","href":"https:\/\/api.w.org\/{rel}","templated":true}]}}