{"id":235,"date":"2024-07-21T08:24:53","date_gmt":"2024-07-21T08:24:53","guid":{"rendered":"https:\/\/cristiano.ukrdevs.com\/restaurant\/elementor\/?page_id=12"},"modified":"2025-04-08T11:08:44","modified_gmt":"2025-04-08T10:08:44","slug":"locations","status":"publish","type":"page","link":"https:\/\/www.wokthai.tn\/?page_id=235&lang=fr","title":{"rendered":"4 Adresses"},"content":{"rendered":"\t\t<div data-elementor-type=\"wp-page\" data-elementor-id=\"235\" class=\"elementor elementor-235\">\n\t\t\t\t<div class=\"elementor-element elementor-element-d364d17 e-flex e-con-boxed e-con e-parent\" data-id=\"d364d17\" data-element_type=\"container\" data-e-type=\"container\">\n\t\t\t\t\t<div class=\"e-con-inner\">\n\t\t\t\t<div class=\"elementor-element elementor-element-f789f86 elementor-widget elementor-widget-cristiano_article\" data-id=\"f789f86\" data-element_type=\"widget\" data-e-type=\"widget\" data-widget_type=\"cristiano_article.default\">\n\t\t\t\t<div class=\"elementor-widget-container\">\n\t\t\t\t\t\r\n\t\t<div class=\"article to-left has-post-thumbnail\">\r\n\t\t\t<div class=\"image\"><img fetchpriority=\"high\" decoding=\"async\" width=\"408\" height=\"272\" src=\"https:\/\/i0.wp.com\/www.wokthai.tn\/wp-content\/uploads\/2025\/03\/IMG_4714-scaled-e1743624079789.jpeg?fit=408%2C272&amp;ssl=1\" class=\"attachment-medium size-medium\" alt=\"\" data-attachment-id=\"790\" data-permalink=\"https:\/\/www.wokthai.tn\/?attachment_id=790\" data-orig-file=\"https:\/\/i0.wp.com\/www.wokthai.tn\/wp-content\/uploads\/2025\/03\/IMG_4714-scaled-e1743624079789.jpeg?fit=1920%2C1020&amp;ssl=1\" data-orig-size=\"1920,1020\" data-comments-opened=\"1\" data-image-meta=\"{&quot;aperture&quot;:&quot;0&quot;,&quot;credit&quot;:&quot;&quot;,&quot;camera&quot;:&quot;&quot;,&quot;caption&quot;:&quot;&quot;,&quot;created_timestamp&quot;:&quot;0&quot;,&quot;copyright&quot;:&quot;&quot;,&quot;focal_length&quot;:&quot;0&quot;,&quot;iso&quot;:&quot;0&quot;,&quot;shutter_speed&quot;:&quot;0&quot;,&quot;title&quot;:&quot;&quot;,&quot;orientation&quot;:&quot;1&quot;}\" data-image-title=\"IMG_4714\" data-image-description=\"\" data-image-caption=\"\" data-large-file=\"https:\/\/i0.wp.com\/www.wokthai.tn\/wp-content\/uploads\/2025\/03\/IMG_4714-scaled-e1743624079789.jpeg?fit=857%2C571&amp;ssl=1\" \/><\/div>\r\n\t\t\t<div class=\"details\">\r\n\t\t\t\t<h2>WOKTHA\u00cf LA MARSA<\/h2>\r\n\t\t\t\t<p>Woktha\u00ef La Marsa, premier restaurant de notre cha\u00eene, a ouvert ses portes le 14 f\u00e9vrier 2019. Entre son cooking show en live, son comptoir avec chaises hautes \u00e0 l\u2019int\u00e9rieur et sa terrasse conviviale, c\u2019est l\u2019adresse id\u00e9ale pour savourer une cuisine asiatique authentique dans une ambiance d\u00e9contract\u00e9e.<\/p>\n<p>Ouvert tous les jours 7\/7 de 11h30 \u00e0 minuit<\/p>\n<p>\ud83d\udccd50 Rue Taieb El Mhiri, La Marsa<\/p>\n\t\t\t<\/div>\r\n\t\t<\/div>\r\n\r\n\t\t\t\t\t\t<\/div>\n\t\t\t\t<\/div>\n\t\t\t\t<div class=\"elementor-element elementor-element-340d139 elementor-widget elementor-widget-cristiano_article\" data-id=\"340d139\" data-element_type=\"widget\" data-e-type=\"widget\" data-widget_type=\"cristiano_article.default\">\n\t\t\t\t<div class=\"elementor-widget-container\">\n\t\t\t\t\t\r\n\t\t<div class=\"article to-left has-post-thumbnail\">\r\n\t\t\t<div class=\"image\"><img decoding=\"async\" width=\"408\" height=\"272\" src=\"https:\/\/i0.wp.com\/www.wokthai.tn\/wp-content\/uploads\/2025\/03\/IMG_5098.jpeg?fit=408%2C272&amp;ssl=1\" class=\"attachment-medium size-medium\" alt=\"\" data-attachment-id=\"998\" data-permalink=\"https:\/\/www.wokthai.tn\/?attachment_id=998\" data-orig-file=\"https:\/\/i0.wp.com\/www.wokthai.tn\/wp-content\/uploads\/2025\/03\/IMG_5098.jpeg?fit=1290%2C1280&amp;ssl=1\" data-orig-size=\"1290,1280\" data-comments-opened=\"1\" data-image-meta=\"{&quot;aperture&quot;:&quot;0&quot;,&quot;credit&quot;:&quot;&quot;,&quot;camera&quot;:&quot;&quot;,&quot;caption&quot;:&quot;&quot;,&quot;created_timestamp&quot;:&quot;0&quot;,&quot;copyright&quot;:&quot;&quot;,&quot;focal_length&quot;:&quot;0&quot;,&quot;iso&quot;:&quot;0&quot;,&quot;shutter_speed&quot;:&quot;0&quot;,&quot;title&quot;:&quot;&quot;,&quot;orientation&quot;:&quot;1&quot;}\" data-image-title=\"IMG_5098\" data-image-description=\"\" data-image-caption=\"\" data-large-file=\"https:\/\/i0.wp.com\/www.wokthai.tn\/wp-content\/uploads\/2025\/03\/IMG_5098.jpeg?fit=857%2C571&amp;ssl=1\" \/><\/div>\r\n\t\t\t<div class=\"details\">\r\n\t\t\t\t<h2>WOKTHA\u00cf ENNASR 2<\/h2>\r\n\t\t\t\t<p>Woktha\u00ef Ennasr, deuxi\u00e8me restaurant de notre cha\u00eene, a ouvert ses portes le 14 f\u00e9vrier 2021. Plus grand que celui de La Marsa, il est id\u00e9al pour accueillir vos \u00e9v\u00e9nements, que ce soit un d\u00eener entre amis ou un anniversaire. Avec ses deux terrasses et son cooking show en live<\/p>\n<p>Ouvert tous les jours 7\/7 de 11h30 \u00e0 minuit.<br \/>\ud83d\udccdAvenue H\u00e9di Nouira, R\u00e9sidence Les Lilas Ennasr 2<\/p>\n\t\t\t<\/div>\r\n\t\t<\/div>\r\n\r\n\t\t\t\t\t\t<\/div>\n\t\t\t\t<\/div>\n\t\t\t\t<div class=\"elementor-element elementor-element-ad88273 elementor-widget elementor-widget-cristiano_article\" data-id=\"ad88273\" data-element_type=\"widget\" data-e-type=\"widget\" data-widget_type=\"cristiano_article.default\">\n\t\t\t\t<div class=\"elementor-widget-container\">\n\t\t\t\t\t\r\n\t\t<div class=\"article to-left has-post-thumbnail\">\r\n\t\t\t<div class=\"image\"><img decoding=\"async\" width=\"408\" height=\"272\" src=\"https:\/\/i0.wp.com\/www.wokthai.tn\/wp-content\/uploads\/2025\/03\/IMG_5108.jpeg?fit=408%2C272&amp;ssl=1\" class=\"attachment-medium size-medium\" alt=\"\" data-attachment-id=\"999\" data-permalink=\"https:\/\/www.wokthai.tn\/?attachment_id=999\" data-orig-file=\"https:\/\/i0.wp.com\/www.wokthai.tn\/wp-content\/uploads\/2025\/03\/IMG_5108.jpeg?fit=2048%2C1366&amp;ssl=1\" data-orig-size=\"2048,1366\" data-comments-opened=\"1\" data-image-meta=\"{&quot;aperture&quot;:&quot;0&quot;,&quot;credit&quot;:&quot;&quot;,&quot;camera&quot;:&quot;&quot;,&quot;caption&quot;:&quot;&quot;,&quot;created_timestamp&quot;:&quot;0&quot;,&quot;copyright&quot;:&quot;&quot;,&quot;focal_length&quot;:&quot;0&quot;,&quot;iso&quot;:&quot;0&quot;,&quot;shutter_speed&quot;:&quot;0&quot;,&quot;title&quot;:&quot;&quot;,&quot;orientation&quot;:&quot;1&quot;}\" data-image-title=\"IMG_5108\" data-image-description=\"\" data-image-caption=\"\" data-large-file=\"https:\/\/i0.wp.com\/www.wokthai.tn\/wp-content\/uploads\/2025\/03\/IMG_5108.jpeg?fit=857%2C571&amp;ssl=1\" \/><\/div>\r\n\t\t\t<div class=\"details\">\r\n\t\t\t\t<h2>WOKTHA\u00cf LE ROCHER<\/h2>\r\n\t\t\t\t<p>Woktha\u00ef est aussi disponible au Rocher de Gammarth depuis 2021. Retrouvez-nous tous les jours de 17h \u00e0 minuit et le dimanche de 13h \u00e0 21h. Pour vos \u00e9v\u00e9nements, d\u00eeners d\u2019affaires ou simplement un moment gourmand avec une vue imprenable sur la mer, r\u00e9servez votre table en appelant Woktha\u00ef La Marsa.<\/p>\n<p>\ud83d\udccd84 Avenue Taieb Mhiri, Gammarth, Tunisie<\/p>\n\t\t\t<\/div>\r\n\t\t<\/div>\r\n\r\n\t\t\t\t\t\t<\/div>\n\t\t\t\t<\/div>\n\t\t\t\t<div class=\"elementor-element elementor-element-0166807 elementor-widget elementor-widget-cristiano_article\" data-id=\"0166807\" data-element_type=\"widget\" data-e-type=\"widget\" data-widget_type=\"cristiano_article.default\">\n\t\t\t\t<div class=\"elementor-widget-container\">\n\t\t\t\t\t\r\n\t\t<div class=\"article to-left has-post-thumbnail\">\r\n\t\t\t<div class=\"image\"><img loading=\"lazy\" decoding=\"async\" width=\"408\" height=\"272\" src=\"https:\/\/i0.wp.com\/www.wokthai.tn\/wp-content\/uploads\/2025\/03\/IMG_1330-scaled-e1743285072787.jpeg?fit=408%2C272&amp;ssl=1\" class=\"attachment-medium size-medium\" alt=\"\" data-attachment-id=\"1000\" data-permalink=\"https:\/\/www.wokthai.tn\/?attachment_id=1000\" data-orig-file=\"https:\/\/i0.wp.com\/www.wokthai.tn\/wp-content\/uploads\/2025\/03\/IMG_1330-scaled-e1743285072787.jpeg?fit=1920%2C1566&amp;ssl=1\" data-orig-size=\"1920,1566\" data-comments-opened=\"1\" data-image-meta=\"{&quot;aperture&quot;:&quot;0&quot;,&quot;credit&quot;:&quot;&quot;,&quot;camera&quot;:&quot;&quot;,&quot;caption&quot;:&quot;&quot;,&quot;created_timestamp&quot;:&quot;0&quot;,&quot;copyright&quot;:&quot;&quot;,&quot;focal_length&quot;:&quot;0&quot;,&quot;iso&quot;:&quot;0&quot;,&quot;shutter_speed&quot;:&quot;0&quot;,&quot;title&quot;:&quot;&quot;,&quot;orientation&quot;:&quot;1&quot;}\" data-image-title=\"IMG_1330\" data-image-description=\"\" data-image-caption=\"\" data-large-file=\"https:\/\/i0.wp.com\/www.wokthai.tn\/wp-content\/uploads\/2025\/03\/IMG_1330-scaled-e1743285072787.jpeg?fit=857%2C571&amp;ssl=1\" \/><\/div>\r\n\t\t\t<div class=\"details\">\r\n\t\t\t\t<h2>Woktha\u00ef Fl\u014d<\/h2>\r\n\t\t\t\t<p>Nous avons commenc\u00e9 \u00e0 collaborer avec Flo de Gammarth en 2024, apportant nos saveurs asiatiques dans ce cadre \u00e9l\u00e9gant et convivial. D\u00e8s le printemps et tout au long de l\u2019\u00e9t\u00e9, nous sommes l\u00e0 tous les jours de 16h \u00e0 minuit pour ceux qui aiment les soir\u00e9es anim\u00e9es et les \u00e9v\u00e9nements de tout genre sous une ambiance chaleureuse.<br \/>En journ\u00e9e, profitez de la piscine pour un moment de d\u00e9tente avant de savourer nos sp\u00e9cialit\u00e9s wok.<\/p>\n<p>\ud83d\udccd Complexe Trinidad, Gammarth zone touristique<\/p>\n\t\t\t<\/div>\r\n\t\t<\/div>\r\n\r\n\t\t\t\t\t\t<\/div>\n\t\t\t\t<\/div>\n\t\t\t\t\t<\/div>\n\t\t\t\t<\/div>\n\t\t\t\t<\/div>\n\t\t","protected":false},"excerpt":{"rendered":"<p>WOKTHA\u00cf LA MARSA Woktha\u00ef La Marsa, premier restaurant de notre cha\u00eene, a ouvert ses portes le 14 f\u00e9vrier 2019. Entre son cooking show en live, son comptoir avec chaises hautes&#8230;<\/p>\n","protected":false},"author":1,"featured_media":364,"parent":0,"menu_order":0,"comment_status":"closed","ping_status":"closed","template":"","meta":{"footnotes":""},"class_list":["post-235","page","type-page","status-publish","has-post-thumbnail","hentry"],"jetpack_sharing_enabled":true,"_links":{"self":[{"href":"https:\/\/www.wokthai.tn\/index.php?rest_route=\/wp\/v2\/pages\/235","targetHints":{"allow":["GET"]}}],"collection":[{"href":"https:\/\/www.wokthai.tn\/index.php?rest_route=\/wp\/v2\/pages"}],"about":[{"href":"https:\/\/www.wokthai.tn\/index.php?rest_route=\/wp\/v2\/types\/page"}],"author":[{"embeddable":true,"href":"https:\/\/www.wokthai.tn\/index.php?rest_route=\/wp\/v2\/users\/1"}],"replies":[{"embeddable":true,"href":"https:\/\/www.wokthai.tn\/index.php?rest_route=%2Fwp%2Fv2%2Fcomments&post=235"}],"version-history":[{"count":21,"href":"https:\/\/www.wokthai.tn\/index.php?rest_route=\/wp\/v2\/pages\/235\/revisions"}],"predecessor-version":[{"id":1497,"href":"https:\/\/www.wokthai.tn\/index.php?rest_route=\/wp\/v2\/pages\/235\/revisions\/1497"}],"wp:featuredmedia":[{"embeddable":true,"href":"https:\/\/www.wokthai.tn\/index.php?rest_route=\/wp\/v2\/media\/364"}],"wp:attachment":[{"href":"https:\/\/www.wokthai.tn\/index.php?rest_route=%2Fwp%2Fv2%2Fmedia&parent=235"}],"curies":[{"name":"wp","href":"https:\/\/api.w.org\/{rel}","templated":true}]}}