{"id":234,"date":"2024-07-21T08:24:43","date_gmt":"2024-07-21T08:24:43","guid":{"rendered":"https:\/\/cristiano.ukrdevs.com\/restaurant\/elementor\/?page_id=11"},"modified":"2025-04-08T14:47:11","modified_gmt":"2025-04-08T13:47:11","slug":"contact-us","status":"publish","type":"page","link":"https:\/\/www.wokthai.tn\/?page_id=234&lang=fr","title":{"rendered":"Devenir Franchis\u00e9"},"content":{"rendered":"\t\t<div data-elementor-type=\"wp-page\" data-elementor-id=\"234\" class=\"elementor elementor-234\">\n\t\t\t\t<div class=\"elementor-element elementor-element-7a018bd e-con-full e-flex e-con e-parent\" data-id=\"7a018bd\" data-element_type=\"container\" data-e-type=\"container\">\n\t\t\t\t<div class=\"elementor-element elementor-element-dc07ef8 elementor-widget elementor-widget-cristiano_heading\" data-id=\"dc07ef8\" data-element_type=\"widget\" data-e-type=\"widget\" data-widget_type=\"cristiano_heading.default\">\n\t\t\t\t<div class=\"elementor-widget-container\">\n\t\t\t\t\t\t\t\t<div class=\"heading\">\n\t\t\t\t<h2 class=\"title\">Et si on construisait ensemble ?<\/h2>\n\t\t\t\t<p class=\"subtitle\"><\/p>\n\t\t\t<\/div>\n\t\t\t\t\t\t<\/div>\n\t\t\t\t<\/div>\n\t\t\t\t<div class=\"elementor-element elementor-element-23b1137 elementor-widget__width-inherit elementor-widget elementor-widget-cristiano_article\" data-id=\"23b1137\" data-element_type=\"widget\" data-e-type=\"widget\" data-widget_type=\"cristiano_article.default\">\n\t\t\t\t<div class=\"elementor-widget-container\">\n\t\t\t\t\t\r\n\t\t<div class=\"article to-left has-post-thumbnail\">\r\n\t\t\t<div class=\"image\"><img fetchpriority=\"high\" decoding=\"async\" width=\"408\" height=\"272\" src=\"https:\/\/i0.wp.com\/www.wokthai.tn\/wp-content\/uploads\/2025\/03\/IMG_3788-3.jpg?fit=408%2C272&amp;ssl=1\" class=\"attachment-medium size-medium\" alt=\"\" data-attachment-id=\"1243\" data-permalink=\"https:\/\/www.wokthai.tn\/?attachment_id=1243\" data-orig-file=\"https:\/\/i0.wp.com\/www.wokthai.tn\/wp-content\/uploads\/2025\/03\/IMG_3788-3.jpg?fit=2400%2C1965&amp;ssl=1\" data-orig-size=\"2400,1965\" data-comments-opened=\"1\" data-image-meta=\"{&quot;aperture&quot;:&quot;2.8&quot;,&quot;credit&quot;:&quot;&quot;,&quot;camera&quot;:&quot;Canon EOS R&quot;,&quot;caption&quot;:&quot;&quot;,&quot;created_timestamp&quot;:&quot;1621711330&quot;,&quot;copyright&quot;:&quot;&quot;,&quot;focal_length&quot;:&quot;41&quot;,&quot;iso&quot;:&quot;1000&quot;,&quot;shutter_speed&quot;:&quot;0.005&quot;,&quot;title&quot;:&quot;&quot;,&quot;orientation&quot;:&quot;0&quot;}\" data-image-title=\"IMG_3788\" data-image-description=\"\" data-image-caption=\"\" data-large-file=\"https:\/\/i0.wp.com\/www.wokthai.tn\/wp-content\/uploads\/2025\/03\/IMG_3788-3.jpg?fit=857%2C571&amp;ssl=1\" \/><\/div>\r\n\t\t\t<div class=\"details\">\r\n\t\t\t\t<h2>Voici le profil de nos futurs partenaires:<\/h2>\r\n\t\t\t\t<div style=\"margin-top: 30px\">\n<div><strong>SOLIDIT\u00c9 FINANCI\u00c8RE<\/strong><br \/>Nous nous associons \u00e0 des entrepreneurs capables d\u2019investir avec ambition et stabilit\u00e9, pour aujourd\u2019hui et pour demain.<\/div>\n<div><strong>ENVIE DE GRANDIR<\/strong><br \/>Nous recherchons des partenaires motiv\u00e9s \u00e0 d\u00e9velopper plusieurs restaurants dans leur r\u00e9gion ou \u00e0 l\u2019international.<\/div>\n<div><strong>BON R\u00c9SEAU LOCAL<\/strong><br \/>Conna\u00eetre le terrain, c\u2019est essentiel. Un acc\u00e8s \u00e0 des emplacements strat\u00e9giques est un vrai avantage.<\/div>\n<div><strong>SENS DU GO\u00dbT &amp; DU SERVICE<\/strong><br \/>Une exp\u00e9rience en restauration est appr\u00e9ci\u00e9e, mais c\u2019est surtout la passion du client qui fait la diff\u00e9rence.<\/div>\n<div><strong>VISION PARTAG\u00c9E<\/strong><br \/>Chez Woktha\u00ef, on avance avec ceux qui partagent notre esprit : qualit\u00e9, innovation, et amour du bon.<\/div>\n<\/div>\n\t\t\t<\/div>\r\n\t\t<\/div>\r\n\r\n\t\t\t\t\t\t<\/div>\n\t\t\t\t<\/div>\n\t\t\t\t<div class=\"elementor-element elementor-element-5ba8e4f elementor-widget elementor-widget-cristiano_article\" data-id=\"5ba8e4f\" data-element_type=\"widget\" data-e-type=\"widget\" data-widget_type=\"cristiano_article.default\">\n\t\t\t\t<div class=\"elementor-widget-container\">\n\t\t\t\t\t\r\n\t\t<div class=\"article to-left \">\r\n\t\t\t<div class=\"image\"><\/div>\r\n\t\t\t<div class=\"details\">\r\n\t\t\t\t<h2>Rejoindre Woktha\u00ef en 8 \u00e9tapes simples:<\/h2>\r\n\t\t\t\t<div>\n<p style=\"text-align: left\"><strong>1.<\/strong> Faites le premier pas<br \/>Remplissez notre formulaire de contact : dites-nous qui vous \u00eates et pourquoi vous avez envie de faire partie de l\u2019aventure.<\/p>\n<p style=\"text-align: left\"><strong>2.<\/strong> On fait connaissance<br \/>Un premier \u00e9change pour mieux se d\u00e9couvrir, r\u00e9pondre \u00e0 vos questions et poser les bases du projet.<\/p>\n<p style=\"text-align: left\"><strong>3.<\/strong> Vivez l\u2019exp\u00e9rience Woktha\u00ef<br \/>Vous passez un moment avec nos \u00e9quipes, en plein service. Rien de tel pour sentir l\u2019ambiance et l\u2019\u00e9nergie Woktha\u00ef.<\/p>\n<p style=\"text-align: left\"><strong>4.<\/strong> Rencontre avec la team<br \/>On se retrouve autour d\u2019une table avec la direction pour valider ensemble la suite de l\u2019aventure.<\/p>\n<p style=\"text-align: left\"><strong>5.<\/strong> On monte votre projet<br \/>Cr\u00e9ation ou reprise ? On travaille main dans la main pour construire un projet solide et r\u00e9aliste.<\/p>\n<p style=\"text-align: left\"><strong>6.<\/strong> On vous aide \u00e0 financer<br \/>Besoin d\u2019un coup de pouce pour obtenir un financement ? On vous accompagne dans toutes les d\u00e9marches.<\/p>\n<p style=\"text-align: left\"><strong>7.<\/strong> On vous forme \u00e0 fond<br \/>C\u2019est parti pour la formation ! Vous passez plusieurs semaines en immersion dans nos restos pour tout apprendre sur le terrain.<\/p>\n<p style=\"text-align: left\"><strong>8.<\/strong> On ouvre ensemble<br \/>C\u2019est le grand jour ! Votre restaurant Woktha\u00ef ouvre ses portes. Et nous sommes l\u00e0 \u00e0 chaque \u00e9tape.<\/p>\n<\/div>\n\t\t\t<\/div>\r\n\t\t<\/div>\r\n\r\n\t\t\t\t\t\t<\/div>\n\t\t\t\t<\/div>\n\t\t\t\t<\/div>\n\t\t<div class=\"elementor-element elementor-element-44e4031 e-flex e-con-boxed e-con e-parent\" data-id=\"44e4031\" data-element_type=\"container\" data-e-type=\"container\">\n\t\t\t\t\t<div class=\"e-con-inner\">\n\t\t\t\t<div class=\"elementor-element elementor-element-58b9198 elementor-widget elementor-widget-restorator_contact_form_7\" data-id=\"58b9198\" data-element_type=\"widget\" data-e-type=\"widget\" data-widget_type=\"restorator_contact_form_7.default\">\n\t\t\t\t<div class=\"elementor-widget-container\">\n\t\t\t\t\t\t\t\t<div class=\"contact-form-7-block alignfull  \">\n\t\t\t\t<div>\n\t\t\t\t\t<div class=\"wrap\">\n\t\t\t\t\t\t\t\t\t\t\t\t\t<div class=\"heading heading-inside-widget\">\n\t\t\t\t\t\t\t\t<h2 class=\"title\">Formulaire de contact<\/h2>\n\t\t\t\t\t\t\t\t<p class=\"subtitle\"><\/p>\n\t\t\t\t\t\t\t<\/div>\n\t\t\t\t\t\t\t\n\t\t\t\t\t\t\n<div class=\"wpcf7 no-js\" id=\"wpcf7-f13-o1\" lang=\"fr-FR\" dir=\"ltr\" data-wpcf7-id=\"13\">\n<div class=\"screen-reader-response\"><p role=\"status\" aria-live=\"polite\" aria-atomic=\"true\"><\/p> <ul><\/ul><\/div>\n<form action=\"\/index.php?rest_route=%2Fwp%2Fv2%2Fpages%2F234#wpcf7-f13-o1\" method=\"post\" class=\"wpcf7-form init\" aria-label=\"Formulaire de contact\" novalidate=\"novalidate\" data-status=\"init\">\n<fieldset class=\"hidden-fields-container\"><input type=\"hidden\" name=\"_wpcf7\" value=\"13\" \/><input type=\"hidden\" name=\"_wpcf7_version\" value=\"6.1.5\" \/><input type=\"hidden\" name=\"_wpcf7_locale\" value=\"fr_FR\" \/><input type=\"hidden\" name=\"_wpcf7_unit_tag\" value=\"wpcf7-f13-o1\" \/><input type=\"hidden\" name=\"_wpcf7_container_post\" value=\"0\" \/><input type=\"hidden\" name=\"_wpcf7_posted_data_hash\" value=\"\" \/>\n<\/fieldset>\n<p><label> Votre nom<br \/>\n<span class=\"wpcf7-form-control-wrap\" data-name=\"your-name\"><input size=\"40\" maxlength=\"400\" class=\"wpcf7-form-control wpcf7-text wpcf7-validates-as-required\" autocomplete=\"name\" aria-required=\"true\" aria-invalid=\"false\" value=\"\" type=\"text\" name=\"your-name\" \/><\/span> <\/label>\n<\/p>\n<p><label> Votre e-mail<br \/>\n<span class=\"wpcf7-form-control-wrap\" data-name=\"your-email\"><input size=\"40\" maxlength=\"400\" class=\"wpcf7-form-control wpcf7-email wpcf7-validates-as-required wpcf7-text wpcf7-validates-as-email\" autocomplete=\"email\" aria-required=\"true\" aria-invalid=\"false\" value=\"\" type=\"email\" name=\"your-email\" \/><\/span> <\/label>\n<\/p>\n<p><label> Votre num\u00e9ro de t\u00e9l\u00e9phone<br \/>\n<span class=\"wpcf7-form-control-wrap\" data-name=\"your-tel\"><input size=\"40\" maxlength=\"400\" minlength=\"8\" class=\"wpcf7-form-control wpcf7-tel wpcf7-validates-as-required wpcf7-text wpcf7-validates-as-tel\" autocomplete=\"tel\" aria-required=\"true\" aria-invalid=\"false\" value=\"\" type=\"tel\" name=\"your-tel\" \/><\/span> <\/label>\n<\/p>\n<p><label> Objet<br \/>\n<span class=\"wpcf7-form-control-wrap\" data-name=\"your-subject\"><input size=\"40\" maxlength=\"400\" class=\"wpcf7-form-control wpcf7-text wpcf7-validates-as-required\" aria-required=\"true\" aria-invalid=\"false\" value=\"\" type=\"text\" name=\"your-subject\" \/><\/span> <\/label>\n<\/p>\n<p><label> Votre message<br \/>\n<span class=\"wpcf7-form-control-wrap\" data-name=\"your-message\"><textarea cols=\"40\" rows=\"10\" maxlength=\"2000\" class=\"wpcf7-form-control wpcf7-textarea wpcf7-validates-as-required\" aria-required=\"true\" aria-invalid=\"false\" name=\"your-message\"><\/textarea><\/span> <\/label>\n<\/p>\n<p><input class=\"wpcf7-form-control wpcf7-submit has-spinner\" type=\"submit\" value=\"Envoyer\" \/>\n<\/p><div class=\"wpcf7-response-output\" aria-hidden=\"true\"><\/div>\n<\/form>\n<\/div>\n\t\t\t\t\t<\/div>\n\t\t\t\t<\/div>\n\t\t\t\t\t\t\t<\/div>\n\t\t\t\t\t\t<\/div>\n\t\t\t\t<\/div>\n\t\t\t\t\t<\/div>\n\t\t\t\t<\/div>\n\t\t\t\t<\/div>\n\t\t","protected":false},"excerpt":{"rendered":"<p>Et si on construisait ensemble ? Voici le profil de nos futurs partenaires: SOLIDIT\u00c9 FINANCI\u00c8RENous nous associons \u00e0 des entrepreneurs capables d\u2019investir avec ambition et stabilit\u00e9, pour aujourd\u2019hui et pour&#8230;<\/p>\n","protected":false},"author":1,"featured_media":790,"parent":0,"menu_order":0,"comment_status":"closed","ping_status":"closed","template":"","meta":{"footnotes":""},"class_list":["post-234","page","type-page","status-publish","has-post-thumbnail","hentry"],"jetpack_sharing_enabled":true,"_links":{"self":[{"href":"https:\/\/www.wokthai.tn\/index.php?rest_route=\/wp\/v2\/pages\/234","targetHints":{"allow":["GET"]}}],"collection":[{"href":"https:\/\/www.wokthai.tn\/index.php?rest_route=\/wp\/v2\/pages"}],"about":[{"href":"https:\/\/www.wokthai.tn\/index.php?rest_route=\/wp\/v2\/types\/page"}],"author":[{"embeddable":true,"href":"https:\/\/www.wokthai.tn\/index.php?rest_route=\/wp\/v2\/users\/1"}],"replies":[{"embeddable":true,"href":"https:\/\/www.wokthai.tn\/index.php?rest_route=%2Fwp%2Fv2%2Fcomments&post=234"}],"version-history":[{"count":86,"href":"https:\/\/www.wokthai.tn\/index.php?rest_route=\/wp\/v2\/pages\/234\/revisions"}],"predecessor-version":[{"id":1518,"href":"https:\/\/www.wokthai.tn\/index.php?rest_route=\/wp\/v2\/pages\/234\/revisions\/1518"}],"wp:featuredmedia":[{"embeddable":true,"href":"https:\/\/www.wokthai.tn\/index.php?rest_route=\/wp\/v2\/media\/790"}],"wp:attachment":[{"href":"https:\/\/www.wokthai.tn\/index.php?rest_route=%2Fwp%2Fv2%2Fmedia&parent=234"}],"curies":[{"name":"wp","href":"https:\/\/api.w.org\/{rel}","templated":true}]}}